{"id":49,"date":"2018-03-10T17:15:03","date_gmt":"2018-03-10T17:15:03","guid":{"rendered":"http:\/\/phemios.de\/?page_id=49"},"modified":"2024-10-13T13:18:43","modified_gmt":"2024-10-13T13:18:43","slug":"kontakt","status":"publish","type":"page","link":"https:\/\/phemios.de\/?page_id=49","title":{"rendered":"kontakt"},"content":{"rendered":"<div id=\"pl-49\"  class=\"panel-layout\" ><div id=\"pg-49-0\"  class=\"panel-grid panel-no-style\" ><div id=\"pgc-49-0-0\"  class=\"panel-grid-cell panel-grid-cell-empty panel-grid-cell-mobile-last\" ><\/div><div id=\"pgc-49-0-1\"  class=\"panel-grid-cell panel-grid-cell-empty\" ><\/div><\/div><div id=\"pg-49-1\"  class=\"panel-grid panel-no-style\" ><div id=\"pgc-49-1-0\"  class=\"panel-grid-cell\" ><div id=\"panel-49-1-0-0\" class=\"so-panel widget widget_sow-image panel-first-child panel-last-child\" data-index=\"0\" ><div\n\t\t\t\n\t\t\tclass=\"so-widget-sow-image so-widget-sow-image-default-8b5b6f678277-49\"\n\t\t\t\n\t\t>\n\n<div class=\"sow-image-container\">\n\t\t<img loading=\"lazy\" decoding=\"async\" src=\"https:\/\/phemios.de\/wp-content\/uploads\/2018\/07\/PhemiosFoto3.jpeg\" width=\"3675\" height=\"1991\" srcset=\"https:\/\/phemios.de\/wp-content\/uploads\/2018\/07\/PhemiosFoto3.jpeg 3675w, https:\/\/phemios.de\/wp-content\/uploads\/2018\/07\/PhemiosFoto3-300x163.jpeg 300w, https:\/\/phemios.de\/wp-content\/uploads\/2018\/07\/PhemiosFoto3-768x416.jpeg 768w, https:\/\/phemios.de\/wp-content\/uploads\/2018\/07\/PhemiosFoto3-1024x555.jpeg 1024w\" sizes=\"auto, (max-width: 3675px) 100vw, 3675px\" alt=\"\" \t\tclass=\"so-widget-image\"\/>\n\t<\/div>\n\n<\/div><\/div><\/div><\/div><div id=\"pg-49-2\"  class=\"panel-grid panel-no-style\" ><div id=\"pgc-49-2-0\"  class=\"panel-grid-cell\" ><div id=\"panel-49-2-0-0\" class=\"so-panel widget widget_sow-editor panel-first-child panel-last-child\" data-index=\"1\" ><div\n\t\t\t\n\t\t\tclass=\"so-widget-sow-editor so-widget-sow-editor-base\"\n\t\t\t\n\t\t>\n<div class=\"siteorigin-widget-tinymce textwidget\">\n\t<p><strong>Kontakt:<\/strong><\/p>\n<p>Joachim Thomas<br \/>\nchorleiter@phemios.de<\/p>\n<p>Peter Eichenberg<br \/>\npresse@phemios.de<\/p>\n<p>Benjamin Teubert<br \/>\nwebsite@phemios.de<\/p>\n<p><strong><em>M\u00f6chten Sie bei uns mitsingen?<\/em><\/strong><\/p>\n<p>Schreiben Sie an: vorsingen@phemios.de.<\/p>\n<p><em><strong>M\u00f6chten Sie per E-Mail \u00fcber unsere Konzerte informiert werden?<\/strong><\/em><br \/>\nSchreiben Sie an Henning Hoffmann:<br \/>\nnewsletter@phemios.de<\/p>\n<\/div>\n<\/div><\/div><\/div><div id=\"pgc-49-2-1\"  class=\"panel-grid-cell\" ><div id=\"panel-49-2-1-0\" class=\"so-panel widget widget_nav_menu panel-first-child\" data-index=\"2\" ><div class=\"panel-widget-style panel-widget-style-for-49-2-1-0\" ><ul id=\"menu-footer-menu\" class=\"menu\"><li class=\"menu-item menu-item-type-post_type menu-item-object-page menu-item-privacy-policy menu-item-46\"><a rel=\"privacy-policy\" href=\"https:\/\/phemios.de\/?page_id=43\">impressum \/ rechtliche hinweise \/ datenschutz<\/a><\/li>\n<\/ul><\/div><\/div><div id=\"panel-49-2-1-1\" class=\"so-panel widget widget_widget_kadence_social widget_kadence_social\" data-index=\"3\" ><div class=\"kadence_social_widget clearfix\"><a href=\"https:\/\/de-de.facebook.com\/Phemios-Kammerchor-746976762005225\/\" class=\"facebook_link\" target=\"_blank\" data-toggle=\"tooltip\" data-placement=\"top\" data-original-title=\"Facebook\" aria-label=\"Facebook\"><i class=\"kt-icon-facebook\"><\/i><\/a><a href=\"https:\/\/www.youtube.com\/channel\/UCL1Wz9WpIF3c1F9QkaH90mw\" class=\"youtube_link\" target=\"_blank\" data-toggle=\"tooltip\" data-placement=\"top\" data-original-title=\"YouTube\" aria-label=\"YouTube\"><i class=\"kt-icon-youtube\"><\/i><\/a><\/div><\/div><div id=\"panel-49-2-1-2\" class=\"so-panel widget widget_sow-editor panel-last-child\" data-index=\"4\" ><div\n\t\t\t\n\t\t\tclass=\"so-widget-sow-editor so-widget-sow-editor-base\"\n\t\t\t\n\t\t>\n<div class=\"siteorigin-widget-tinymce textwidget\">\n\t<p>Der Phemios Kammerchor ist Mitglied im<br \/>\n<a href=\"http:\/\/www.vdkc.de\/cms\/\" target=\"_blank\" rel=\"noopener\"><img loading=\"lazy\" decoding=\"async\" class=\"alignnone wp-image-35 \" src=\"http:\/\/phemios.de\/wp-content\/uploads\/2018\/03\/VDKC_Logo_56x13_RGB1-300x69.jpg\" alt=\"\" width=\"270\" height=\"62\" srcset=\"https:\/\/phemios.de\/wp-content\/uploads\/2018\/03\/VDKC_Logo_56x13_RGB1-300x69.jpg 300w, https:\/\/phemios.de\/wp-content\/uploads\/2018\/03\/VDKC_Logo_56x13_RGB1.jpg 661w\" sizes=\"auto, (max-width: 270px) 100vw, 270px\" \/><\/a><\/p>\n<\/div>\n<\/div><\/div><\/div><\/div><div id=\"pg-49-3\"  class=\"panel-grid panel-no-style\" ><div id=\"pgc-49-3-0\"  class=\"panel-grid-cell panel-grid-cell-empty panel-grid-cell-mobile-last\" ><\/div><div id=\"pgc-49-3-1\"  class=\"panel-grid-cell panel-grid-cell-empty\" ><\/div><\/div><div id=\"pg-49-4\"  class=\"panel-grid panel-no-style\" ><div id=\"pgc-49-4-0\"  class=\"panel-grid-cell panel-grid-cell-empty panel-grid-cell-mobile-last\" ><\/div><div id=\"pgc-49-4-1\"  class=\"panel-grid-cell panel-grid-cell-empty\" ><\/div><\/div><\/div>","protected":false},"excerpt":{"rendered":"<p>Kontakt: Joachim Thomas chorleiter@phemios.de Peter Eichenberg presse@phemios.de Benjamin Teubert website@phemios.de M\u00f6chten Sie bei uns mitsingen? Schreiben Sie an: vorsingen@phemios.de. M\u00f6chten Sie per E-Mail \u00fcber unsere Konzerte informiert werden? Schreiben Sie an Henning Hoffmann: newsletter@phemios.de impressum \/ rechtliche hinweise \/ datenschutz &hellip; <a class=\"kt-excerpt-readmore more-link\" href=\"https:\/\/phemios.de\/?page_id=49\">Read More<\/a><\/p>\n","protected":false},"author":1,"featured_media":0,"parent":0,"menu_order":0,"comment_status":"closed","ping_status":"closed","template":"","meta":{"footnotes":""},"class_list":["post-49","page","type-page","status-publish","hentry"],"_links":{"self":[{"href":"https:\/\/phemios.de\/index.php?rest_route=\/wp\/v2\/pages\/49","targetHints":{"allow":["GET"]}}],"collection":[{"href":"https:\/\/phemios.de\/index.php?rest_route=\/wp\/v2\/pages"}],"about":[{"href":"https:\/\/phemios.de\/index.php?rest_route=\/wp\/v2\/types\/page"}],"author":[{"embeddable":true,"href":"https:\/\/phemios.de\/index.php?rest_route=\/wp\/v2\/users\/1"}],"replies":[{"embeddable":true,"href":"https:\/\/phemios.de\/index.php?rest_route=%2Fwp%2Fv2%2Fcomments&post=49"}],"version-history":[{"count":92,"href":"https:\/\/phemios.de\/index.php?rest_route=\/wp\/v2\/pages\/49\/revisions"}],"predecessor-version":[{"id":990,"href":"https:\/\/phemios.de\/index.php?rest_route=\/wp\/v2\/pages\/49\/revisions\/990"}],"wp:attachment":[{"href":"https:\/\/phemios.de\/index.php?rest_route=%2Fwp%2Fv2%2Fmedia&parent=49"}],"curies":[{"name":"wp","href":"https:\/\/api.w.org\/{rel}","templated":true}]}}