{"id":12,"date":"2018-03-10T10:21:39","date_gmt":"2018-03-10T10:21:39","guid":{"rendered":"http:\/\/phemios.de\/?page_id=12"},"modified":"2019-09-06T18:22:53","modified_gmt":"2019-09-06T18:22:53","slug":"chor","status":"publish","type":"page","link":"https:\/\/phemios.de\/?page_id=12","title":{"rendered":"chor"},"content":{"rendered":"<div id=\"pl-12\"  class=\"panel-layout\" ><div id=\"pg-12-0\"  class=\"panel-grid panel-no-style\" ><div id=\"pgc-12-0-0\"  class=\"panel-grid-cell panel-grid-cell-empty\" ><\/div><\/div><div id=\"pg-12-1\"  class=\"panel-grid panel-no-style\" ><div id=\"pgc-12-1-0\"  class=\"panel-grid-cell\" ><div id=\"panel-12-1-0-0\" class=\"so-panel widget widget_sow-image panel-first-child\" data-index=\"0\" ><div\n\t\t\t\n\t\t\tclass=\"so-widget-sow-image so-widget-sow-image-default-8b5b6f678277-12\"\n\t\t\t\n\t\t>\n\n<div class=\"sow-image-container\">\n\t\t<img loading=\"lazy\" decoding=\"async\" src=\"https:\/\/phemios.de\/wp-content\/uploads\/2018\/07\/PhemiosFoto2.jpeg\" width=\"2400\" height=\"1350\" srcset=\"https:\/\/phemios.de\/wp-content\/uploads\/2018\/07\/PhemiosFoto2.jpeg 2400w, https:\/\/phemios.de\/wp-content\/uploads\/2018\/07\/PhemiosFoto2-300x169.jpeg 300w, https:\/\/phemios.de\/wp-content\/uploads\/2018\/07\/PhemiosFoto2-768x432.jpeg 768w, https:\/\/phemios.de\/wp-content\/uploads\/2018\/07\/PhemiosFoto2-1024x576.jpeg 1024w\" sizes=\"auto, (max-width: 2400px) 100vw, 2400px\" alt=\"\" \t\tclass=\"so-widget-image\"\/>\n\t<\/div>\n\n<\/div><\/div><div id=\"panel-12-1-0-1\" class=\"so-panel widget widget_sow-editor panel-last-child\" data-index=\"1\" ><div\n\t\t\t\n\t\t\tclass=\"so-widget-sow-editor so-widget-sow-editor-base\"\n\t\t\t\n\t\t>\n<div class=\"siteorigin-widget-tinymce textwidget\">\n\t<p>Der <strong>Phemios Kammerchor<\/strong> wurde 2009 von Studierenden der Musikhochschule L\u00fcbeck gegr\u00fcndet. Aus einem kleinen Gesangsensemble entwickelte sich ein Kammerchor, der bereits nach wenigen Monaten beim Landeschorwettbewerb Schleswig-Holstein einen zweiten Platz erreichte. Inzwischen finden sich im Phemios Kammerchor zwischen 30 und 35 S\u00e4ngerinnnen und S\u00e4nger zusammen, die in w\u00f6chentlichen Proben anspruchsvolle Chormusik von der Renaissance bis zur Moderne erarbeiten. So ist der Phemios Kammerchor mit seinem weit gef\u00e4cherten Repertoire zu einem festen Bestandteil des L\u00fcbecker Kulturlebens geworden. Er konzertiert regelm\u00e4\u00dfig mit unterschiedlichen geistlichen und weltlichen Programmen im norddeutschen Raum. Im Jahr 2014 qualifizierte er sich f\u00fcr die Teilnahme am 9. Deutschen Chorwettbewerb in Weimar und gewann dort einen 3. Preis. Nach der erfolgreichen Teilnahme am Landeschorwettbewerb \u201eChoralle 2017\u201c nahm der Chor auch am 10. Deutschen Chorwettbewerb 2018 in Freiburg \"mit gutem Erfolg\" teil.<\/p>\n<p>Der Phemios Kammerchor widmet sich vor allem der mehrstimmigen A-cappella-Literatur bis hin zu sechzehn Stimmen. Er wirkt dar\u00fcber hinaus aber auch bei gr\u00f6\u00dferen Projekten mit, zum Beispiel im Rahmen der Auff\u00fchrung von Mahlers 2. Sinfonie mit dem Harvestehuder Sinfonieorchester Hamburg im Jahr 2015 in der Laeiszhalle. In der Spielzeit 2017\/2018 machte der Phemios Kammerchor anl\u00e4sslich der Musiktheaterproduktion \u201cMASS\u201d von Leonard Bernstein am Theater L\u00fcbeck auf sich aufmerksam. Hier konnte er an exponierter Stelle seinen besonderen Kammerchor-Klang pr\u00e4sentieren und war auch in die gro\u00dfen Chorszenen auf der B\u00fchne eingebunden. Die szenische Inszenierung des Werkes (Regie: Tom Ryser \u2013 Musikalische Leitung: Andreas Wolf) wurde von der Presse und in sieben ausverkauften Vorstellungen vom Publikum enthusiastisch gefeiert. Im Jahr seines 10j\u00e4hrigen Bestehens konzertierte der Chor mit seinem vielf\u00e4ltigen Programm \u201ePhem10s\u201c insgesamt viermal, u.a. beim Sch\u00f6nberger Musiksommer. Ferner traf sich der Chor zu einer gemeinsamen Probenphase mit zahlreichen ehemaligen S\u00e4ngerinnen und S\u00e4ngern und f\u00fchrte gemeinsam mit ihnen die 40stimmige Motette f\u00fcr acht Ch\u00f6re \u201eSpem in alium nunquam habui\u201c von Thomas Tallis im Rahmen eines der Jubil\u00e4umskonzerte auf.<\/p>\n<p><strong>Joachim<\/strong><img loading=\"lazy\" decoding=\"async\" class=\"alignleft wp-image-76 size-thumbnail\" src=\"http:\/\/phemios.de\/wp-content\/uploads\/2018\/03\/DSC_4989-150x150.jpg\" alt=\"\" width=\"150\" height=\"150\" srcset=\"https:\/\/phemios.de\/wp-content\/uploads\/2018\/03\/DSC_4989-150x150.jpg 150w, https:\/\/phemios.de\/wp-content\/uploads\/2018\/03\/DSC_4989-600x600.jpg 600w\" sizes=\"auto, (max-width: 150px) 100vw, 150px\" \/><strong> Thomas<\/strong> leitet den Phemios Kammerchor seit seiner Gr\u00fcndung. Er sammelte eigene Chorerfahrung im Landesjugendchor Schleswig-Holstein sowie in verschiedenen a-capella-Formationen. Zwischen 2000 und 2005 studierte er Schulmusik an der Musikhochschule L\u00fcbeck, wo er im Fach Chorleitung von Prof. Gerd M\u00fcller-Lorenz und Prof. Matthias Janz ausgebildet wurde. W\u00e4hrend dieser Zeit erhielt er zus\u00e4tzliche Anregungen bei Meisterkursen mit den King\u2019s Singers und Probenphasen mit professionellen Ch\u00f6ren wie dem \u201eEuropean Chamber Choir\u201c.<br \/>\nSeit 2001 arbeitet er als Chorleiter mit verschiedenen Ch\u00f6ren und engagiert sich seit 2007 zudem als Juror bei dem Wettbewerb \u201eJugend musiziert\u201c in der Kategorie \u201eVokalensemble\u201c. Seit 2006 ist Joachim Thomas an der Lauenburgischen Gelehrtenschule in Ratzeburg als Lehrer mit den F\u00e4chern Mathematik und Musik t\u00e4tig.<\/p>\n<\/div>\n<\/div><\/div><\/div><div id=\"pgc-12-1-1\"  class=\"panel-grid-cell\" ><div id=\"panel-12-1-1-0\" class=\"so-panel widget widget_text panel-first-child\" data-index=\"2\" >\t\t\t<div class=\"textwidget\"><p><strong>Fr\u00fchere Projekte<\/strong><br \/>\n<strong> (Auswahl)<\/strong><\/p>\n<\/div>\n\t\t<\/div><div id=\"panel-12-1-1-1\" class=\"so-panel widget widget_nav_menu\" data-index=\"3\" ><ul id=\"menu-konzertprogramme\" class=\"menu\"><li class=\"menu-item menu-item-type-post_type menu-item-object-page menu-item-778\"><a href=\"https:\/\/phemios.de\/?page_id=766\">In Gottes Hand<\/a><\/li>\n<li class=\"menu-item menu-item-type-post_type menu-item-object-page menu-item-726\"><a href=\"https:\/\/phemios.de\/?page_id=693\">Phem10s<\/a><\/li>\n<li class=\"menu-item menu-item-type-post_type menu-item-object-page menu-item-650\"><a href=\"https:\/\/phemios.de\/?page_id=646\">Shakespeare Songs<\/a><\/li>\n<li class=\"menu-item menu-item-type-post_type menu-item-object-page menu-item-561\"><a href=\"https:\/\/phemios.de\/?page_id=558\">DCW 2018<\/a><\/li>\n<li class=\"menu-item menu-item-type-post_type menu-item-object-page menu-item-357\"><a href=\"https:\/\/phemios.de\/?page_id=354\">Hear My Prayer<\/a><\/li>\n<li class=\"menu-item menu-item-type-post_type menu-item-object-page menu-item-172\"><a href=\"https:\/\/phemios.de\/?page_id=143\">Mythos<\/a><\/li>\n<li class=\"menu-item menu-item-type-post_type menu-item-object-page menu-item-386\"><a href=\"https:\/\/phemios.de\/?page_id=383\">Leonard Bernstein MASS<\/a><\/li>\n<li class=\"menu-item menu-item-type-post_type menu-item-object-page menu-item-171\"><a href=\"https:\/\/phemios.de\/?page_id=149\">Wenn die Bl\u00e4tter fallen<\/a><\/li>\n<li class=\"menu-item menu-item-type-post_type menu-item-object-page menu-item-306\"><a href=\"https:\/\/phemios.de\/?page_id=298\">Bach &#038; Sandstr\u00f6m<\/a><\/li>\n<li class=\"menu-item menu-item-type-post_type menu-item-object-page menu-item-318\"><a href=\"https:\/\/phemios.de\/?page_id=315\">Flower Songs<\/a><\/li>\n<\/ul><\/div><div id=\"panel-12-1-1-2\" class=\"so-panel widget widget_widget_kadence_social widget_kadence_social panel-last-child\" data-index=\"4\" ><div class=\"kadence_social_widget clearfix\"><a href=\"https:\/\/de-de.facebook.com\/Phemios-Kammerchor-746976762005225\/\" class=\"facebook_link\" target=\"_blank\" data-toggle=\"tooltip\" data-placement=\"top\" data-original-title=\"Facebook\" aria-label=\"Facebook\"><i class=\"kt-icon-facebook\"><\/i><\/a><a href=\"https:\/\/www.youtube.com\/channel\/UCL1Wz9WpIF3c1F9QkaH90mw\" class=\"youtube_link\" target=\"_blank\" data-toggle=\"tooltip\" data-placement=\"top\" data-original-title=\"YouTube\" aria-label=\"YouTube\"><i class=\"kt-icon-youtube\"><\/i><\/a><\/div><\/div><\/div><\/div><div id=\"pg-12-2\"  class=\"panel-grid panel-no-style\" ><div id=\"pgc-12-2-0\"  class=\"panel-grid-cell panel-grid-cell-empty panel-grid-cell-mobile-last\" ><\/div><div id=\"pgc-12-2-1\"  class=\"panel-grid-cell panel-grid-cell-empty\" ><\/div><\/div><\/div>","protected":false},"excerpt":{"rendered":"<p>Der Phemios Kammerchor wurde 2009 von Studierenden der Musikhochschule L\u00fcbeck gegr\u00fcndet. Aus einem kleinen Gesangsensemble entwickelte sich ein Kammerchor, der bereits nach wenigen Monaten beim Landeschorwettbewerb Schleswig-Holstein einen zweiten Platz erreichte. Inzwischen finden sich im Phemios Kammerchor zwischen 30 und &hellip; <a class=\"kt-excerpt-readmore more-link\" href=\"https:\/\/phemios.de\/?page_id=12\">Read More<\/a><\/p>\n","protected":false},"author":1,"featured_media":0,"parent":0,"menu_order":0,"comment_status":"closed","ping_status":"closed","template":"","meta":{"footnotes":""},"class_list":["post-12","page","type-page","status-publish","hentry"],"_links":{"self":[{"href":"https:\/\/phemios.de\/index.php?rest_route=\/wp\/v2\/pages\/12","targetHints":{"allow":["GET"]}}],"collection":[{"href":"https:\/\/phemios.de\/index.php?rest_route=\/wp\/v2\/pages"}],"about":[{"href":"https:\/\/phemios.de\/index.php?rest_route=\/wp\/v2\/types\/page"}],"author":[{"embeddable":true,"href":"https:\/\/phemios.de\/index.php?rest_route=\/wp\/v2\/users\/1"}],"replies":[{"embeddable":true,"href":"https:\/\/phemios.de\/index.php?rest_route=%2Fwp%2Fv2%2Fcomments&post=12"}],"version-history":[{"count":102,"href":"https:\/\/phemios.de\/index.php?rest_route=\/wp\/v2\/pages\/12\/revisions"}],"predecessor-version":[{"id":736,"href":"https:\/\/phemios.de\/index.php?rest_route=\/wp\/v2\/pages\/12\/revisions\/736"}],"wp:attachment":[{"href":"https:\/\/phemios.de\/index.php?rest_route=%2Fwp%2Fv2%2Fmedia&parent=12"}],"curies":[{"name":"wp","href":"https:\/\/api.w.org\/{rel}","templated":true}]}}