{"id":10,"date":"2018-03-10T10:21:13","date_gmt":"2018-03-10T10:21:13","guid":{"rendered":"http:\/\/phemios.de\/?page_id=10"},"modified":"2026-03-26T08:02:52","modified_gmt":"2026-03-26T08:02:52","slug":"aktuell","status":"publish","type":"page","link":"https:\/\/phemios.de\/","title":{"rendered":"aktuell"},"content":{"rendered":"<div id=\"pl-10\"  class=\"panel-layout\" ><div id=\"pg-10-0\"  class=\"panel-grid panel-no-style\" ><div id=\"pgc-10-0-0\"  class=\"panel-grid-cell panel-grid-cell-empty\" ><\/div><\/div><div id=\"pg-10-1\"  class=\"panel-grid panel-no-style\" ><div id=\"pgc-10-1-0\"  class=\"panel-grid-cell panel-grid-cell-empty\" ><\/div><div id=\"pgc-10-1-1\"  class=\"panel-grid-cell panel-grid-cell-empty panel-grid-cell-mobile-last\" ><\/div><div id=\"pgc-10-1-2\"  class=\"panel-grid-cell panel-grid-cell-empty\" ><\/div><\/div><div id=\"pg-10-2\"  class=\"panel-grid panel-no-style\" ><div id=\"pgc-10-2-0\"  class=\"panel-grid-cell panel-grid-cell-mobile-last\" ><div id=\"panel-10-2-0-0\" class=\"so-panel widget widget_sow-editor panel-first-child\" data-index=\"0\" ><div\n\t\t\t\n\t\t\tclass=\"so-widget-sow-editor so-widget-sow-editor-base\"\n\t\t\t\n\t\t>\n<div class=\"siteorigin-widget-tinymce textwidget\">\n\t<h3>Unsere n\u00e4chsten Konzerte:<\/h3>\n<p>&nbsp;<\/p>\n<p>Chorreise nach K\u00f6ln - Samstag, 2.5.2026, 18 Uhr, Immanuel-Kirche K\u00f6ln - gemeinsam mit dem <a href=\"https:\/\/www.kammerchor-constant.de\/\" target=\"_blank\" rel=\"noopener\">Kammerchor CONSTANT<\/a><\/p>\n<p>&nbsp;<\/p>\n<p>Freitag, 12.06.2026 - Ort und Zeit folgen...<\/p>\n<p>Sonntag, 14.06.2026 - 17 Uhr, St. Aegidien L\u00fcbeck<\/p>\n<p>&nbsp;<\/p>\n<p>Informationen \u00fcber Konzerte und andere Neuigkeiten gibt es \u00fcber unseren Newsletter - einfach eine Mail schicken an: <a href=\"mailto:newsletter@phemios.de\">newsletter@phemios.de<\/a>.<\/p>\n<\/div>\n<\/div><\/div><div id=\"panel-10-2-0-1\" class=\"so-panel widget widget_widget_kadence_social widget_kadence_social panel-last-child\" data-index=\"1\" ><div class=\"kadence_social_widget clearfix\"><a href=\"https:\/\/de-de.facebook.com\/Phemios-Kammerchor-746976762005225\/\" class=\"facebook_link\" target=\"_blank\" data-toggle=\"tooltip\" data-placement=\"top\" data-original-title=\"Facebook\" aria-label=\"Facebook\"><i class=\"kt-icon-facebook\"><\/i><\/a><a href=\"https:\/\/www.youtube.com\/channel\/UCL1Wz9WpIF3c1F9QkaH90mw\" class=\"youtube_link\" target=\"_blank\" data-toggle=\"tooltip\" data-placement=\"top\" data-original-title=\"YouTube\" aria-label=\"YouTube\"><i class=\"kt-icon-youtube\"><\/i><\/a><\/div><\/div><\/div><div id=\"pgc-10-2-1\"  class=\"panel-grid-cell panel-grid-cell-empty\" ><\/div><\/div><div id=\"pg-10-3\"  class=\"panel-grid panel-no-style\" ><div id=\"pgc-10-3-0\"  class=\"panel-grid-cell panel-grid-cell-empty panel-grid-cell-mobile-last\" ><\/div><div id=\"pgc-10-3-1\"  class=\"panel-grid-cell panel-grid-cell-empty\" ><\/div><\/div><div id=\"pg-10-4\"  class=\"panel-grid panel-no-style\" ><div id=\"pgc-10-4-0\"  class=\"panel-grid-cell panel-grid-cell-empty panel-grid-cell-mobile-last\" ><\/div><div id=\"pgc-10-4-1\"  class=\"panel-grid-cell panel-grid-cell-empty\" ><\/div><\/div><\/div>","protected":false},"excerpt":{"rendered":"<p>Unsere n\u00e4chsten Konzerte: &nbsp; Chorreise nach K\u00f6ln &#8211; Samstag, 2.5.2026, 18 Uhr, Immanuel-Kirche K\u00f6ln &#8211; gemeinsam mit dem Kammerchor CONSTANT &nbsp; Freitag, 12.06.2026 &#8211; Ort und Zeit folgen&#8230; Sonntag, 14.06.2026 &#8211; 17 Uhr, St. Aegidien L\u00fcbeck &nbsp; Informationen \u00fcber Konzerte &hellip; <a class=\"kt-excerpt-readmore more-link\" href=\"https:\/\/phemios.de\/\">Read More<\/a><\/p>\n","protected":false},"author":1,"featured_media":0,"parent":0,"menu_order":0,"comment_status":"closed","ping_status":"closed","template":"","meta":{"footnotes":""},"class_list":["post-10","page","type-page","status-publish","hentry"],"_links":{"self":[{"href":"https:\/\/phemios.de\/index.php?rest_route=\/wp\/v2\/pages\/10","targetHints":{"allow":["GET"]}}],"collection":[{"href":"https:\/\/phemios.de\/index.php?rest_route=\/wp\/v2\/pages"}],"about":[{"href":"https:\/\/phemios.de\/index.php?rest_route=\/wp\/v2\/types\/page"}],"author":[{"embeddable":true,"href":"https:\/\/phemios.de\/index.php?rest_route=\/wp\/v2\/users\/1"}],"replies":[{"embeddable":true,"href":"https:\/\/phemios.de\/index.php?rest_route=%2Fwp%2Fv2%2Fcomments&post=10"}],"version-history":[{"count":233,"href":"https:\/\/phemios.de\/index.php?rest_route=\/wp\/v2\/pages\/10\/revisions"}],"predecessor-version":[{"id":1005,"href":"https:\/\/phemios.de\/index.php?rest_route=\/wp\/v2\/pages\/10\/revisions\/1005"}],"wp:attachment":[{"href":"https:\/\/phemios.de\/index.php?rest_route=%2Fwp%2Fv2%2Fmedia&parent=10"}],"curies":[{"name":"wp","href":"https:\/\/api.w.org\/{rel}","templated":true}]}}