{"id":766,"date":"2019-12-09T19:54:45","date_gmt":"2019-12-09T19:54:45","guid":{"rendered":"http:\/\/phemios.de\/?page_id=766"},"modified":"2019-12-09T19:54:45","modified_gmt":"2019-12-09T19:54:45","slug":"in-gottes-hand","status":"publish","type":"page","link":"http:\/\/phemios.de\/?page_id=766","title":{"rendered":"In Gottes Hand"},"content":{"rendered":"<div id=\"pl-766\"  class=\"panel-layout\" ><div id=\"pg-766-0\"  class=\"panel-grid panel-no-style\" ><div id=\"pgc-766-0-0\"  class=\"panel-grid-cell panel-grid-cell-empty panel-grid-cell-mobile-last\" ><\/div><div id=\"pgc-766-0-1\"  class=\"panel-grid-cell panel-grid-cell-empty\" ><\/div><\/div><div id=\"pg-766-1\"  class=\"panel-grid panel-no-style\" ><div id=\"pgc-766-1-0\"  class=\"panel-grid-cell\" ><div id=\"panel-766-1-0-0\" class=\"so-panel widget widget_sow-editor panel-first-child panel-last-child\" data-index=\"0\" ><div\n\t\t\t\n\t\t\tclass=\"so-widget-sow-editor so-widget-sow-editor-base\"\n\t\t\t\n\t\t>\n<div class=\"siteorigin-widget-tinymce textwidget\">\n\t<h3>In Gottes Hand<\/h3>\n<p>&nbsp;<\/p>\n<p>Henry Purcell (1659-1695) - Hear my prayer, O Lord<br \/>\nPsalm 102:1<\/p>\n<p>Thomas Weelkes (1576-1623) - When David heard<\/p>\n<p>Jaako M\u00e4ntyj\u00e4rvi (*1963) - Canticum calamitatis maritimae (1997)<br \/>\nim Andenken an die Opfer des F\u00e4hrungl\u00fccks der \u201eEstonia\u201c am 28. September 1994<\/p>\n<p>Tom\u00e1s Luis de Victoria (1809-1847) - Introitus<br \/>\naus: Missa pro defunctis<\/p>\n<p>Rudolf Mauersberger (1889-1971) - Wie liegt die Stadt so w\u00fcst (1945)<br \/>\naus: dem Chorzyklus \u201eDresden\u201c<br \/>\n(uraufgef\u00fchrt 1945 in der ausgebrannten Kreuzkirche)<\/p>\n<p>Tom\u00e1s Luis de Victoria (1809-1847) - Offertorium<br \/>\naus: Missa pro defunctis<\/p>\n<p>James MacMillan (*1959) - A child\u2019s prayer (1996)<br \/>\nim Andenken an die Opfer der Amok-Trag\u00f6die in Dunblane, M\u00e4rz 1996<\/p>\n<p>Tom\u00e1s Luis de Victoria (1809-1847) - Sanctus<br \/>\naus: Missa pro defunctis<\/p>\n<p>Sven-David Sandstr\u00f6m (1942-2019) - Hear my prayer, O Lord<br \/>\nPsalm 102:1 (nach Henry Purcell)<\/p>\n<p>Charles V. Stanford (1852-1924) - Justorum animae<br \/>\naus: Drei Motetten op. 38<\/p>\n<p>&nbsp;<\/p>\n<p>Einf\u00fchrende Texte: Detlef Kjer-du Vinage, Kathrin Maetzel<\/p>\n<\/div>\n<\/div><\/div><\/div><div id=\"pgc-766-1-1\"  class=\"panel-grid-cell\" ><div id=\"panel-766-1-1-0\" class=\"so-panel widget widget_nav_menu panel-first-child panel-last-child\" data-index=\"1\" ><ul id=\"menu-konzertprogramme\" class=\"menu\"><li class=\"menu-item menu-item-type-post_type menu-item-object-page menu-item-778\"><a href=\"http:\/\/phemios.de\/?page_id=766\">In Gottes Hand<\/a><\/li>\n<li class=\"menu-item menu-item-type-post_type menu-item-object-page menu-item-726\"><a href=\"http:\/\/phemios.de\/?page_id=693\">Phem10s<\/a><\/li>\n<li class=\"menu-item menu-item-type-post_type menu-item-object-page menu-item-650\"><a href=\"http:\/\/phemios.de\/?page_id=646\">Shakespeare Songs<\/a><\/li>\n<li class=\"menu-item menu-item-type-post_type menu-item-object-page menu-item-561\"><a href=\"http:\/\/phemios.de\/?page_id=558\">DCW 2018<\/a><\/li>\n<li class=\"menu-item menu-item-type-post_type menu-item-object-page menu-item-357\"><a href=\"http:\/\/phemios.de\/?page_id=354\">Hear My Prayer<\/a><\/li>\n<li class=\"menu-item menu-item-type-post_type menu-item-object-page menu-item-172\"><a href=\"http:\/\/phemios.de\/?page_id=143\">Mythos<\/a><\/li>\n<li class=\"menu-item menu-item-type-post_type menu-item-object-page menu-item-386\"><a href=\"http:\/\/phemios.de\/?page_id=383\">Leonard Bernstein MASS<\/a><\/li>\n<li class=\"menu-item menu-item-type-post_type menu-item-object-page menu-item-171\"><a href=\"http:\/\/phemios.de\/?page_id=149\">Wenn die Bl\u00e4tter fallen<\/a><\/li>\n<li class=\"menu-item menu-item-type-post_type menu-item-object-page menu-item-306\"><a href=\"http:\/\/phemios.de\/?page_id=298\">Bach &#038; Sandstr\u00f6m<\/a><\/li>\n<li class=\"menu-item menu-item-type-post_type menu-item-object-page menu-item-318\"><a href=\"http:\/\/phemios.de\/?page_id=315\">Flower Songs<\/a><\/li>\n<\/ul><\/div><\/div><\/div><\/div>","protected":false},"excerpt":{"rendered":"<p>In Gottes Hand &nbsp; Henry Purcell (1659-1695) &#8211; Hear my prayer, O Lord Psalm 102:1 Thomas Weelkes (1576-1623) &#8211; When David heard Jaako M\u00e4ntyj\u00e4rvi (*1963) &#8211; Canticum calamitatis maritimae (1997) im Andenken an die Opfer des F\u00e4hrungl\u00fccks der \u201eEstonia\u201c am &hellip; <a class=\"kt-excerpt-readmore more-link\" href=\"http:\/\/phemios.de\/?page_id=766\">Read More<\/a><\/p>\n","protected":false},"author":1,"featured_media":0,"parent":0,"menu_order":0,"comment_status":"closed","ping_status":"closed","template":"","meta":{"footnotes":""},"class_list":["post-766","page","type-page","status-publish","hentry"],"_links":{"self":[{"href":"http:\/\/phemios.de\/index.php?rest_route=\/wp\/v2\/pages\/766","targetHints":{"allow":["GET"]}}],"collection":[{"href":"http:\/\/phemios.de\/index.php?rest_route=\/wp\/v2\/pages"}],"about":[{"href":"http:\/\/phemios.de\/index.php?rest_route=\/wp\/v2\/types\/page"}],"author":[{"embeddable":true,"href":"http:\/\/phemios.de\/index.php?rest_route=\/wp\/v2\/users\/1"}],"replies":[{"embeddable":true,"href":"http:\/\/phemios.de\/index.php?rest_route=%2Fwp%2Fv2%2Fcomments&post=766"}],"version-history":[{"count":7,"href":"http:\/\/phemios.de\/index.php?rest_route=\/wp\/v2\/pages\/766\/revisions"}],"predecessor-version":[{"id":777,"href":"http:\/\/phemios.de\/index.php?rest_route=\/wp\/v2\/pages\/766\/revisions\/777"}],"wp:attachment":[{"href":"http:\/\/phemios.de\/index.php?rest_route=%2Fwp%2Fv2%2Fmedia&parent=766"}],"curies":[{"name":"wp","href":"https:\/\/api.w.org\/{rel}","templated":true}]}}