{"id":149,"date":"2018-03-13T20:09:41","date_gmt":"2018-03-13T20:09:41","guid":{"rendered":"http:\/\/phemios.de\/?page_id=149"},"modified":"2018-03-27T19:37:09","modified_gmt":"2018-03-27T19:37:09","slug":"wenn-die-blaetter-fallen","status":"publish","type":"page","link":"http:\/\/phemios.de\/?page_id=149","title":{"rendered":"Wenn die Bl\u00e4tter fallen"},"content":{"rendered":"<div id=\"pl-149\"  class=\"panel-layout\" ><div id=\"pg-149-0\"  class=\"panel-grid panel-no-style\" ><div id=\"pgc-149-0-0\"  class=\"panel-grid-cell panel-grid-cell-empty panel-grid-cell-mobile-last\" ><\/div><div id=\"pgc-149-0-1\"  class=\"panel-grid-cell panel-grid-cell-empty\" ><\/div><\/div><div id=\"pg-149-1\"  class=\"panel-grid panel-no-style\" ><div id=\"pgc-149-1-0\"  class=\"panel-grid-cell\" ><div id=\"panel-149-1-0-0\" class=\"so-panel widget widget_sow-editor panel-first-child panel-last-child\" data-index=\"0\" ><div\n\t\t\t\n\t\t\tclass=\"so-widget-sow-editor so-widget-sow-editor-base\"\n\t\t\t\n\t\t>\n<div class=\"siteorigin-widget-tinymce textwidget\">\n\t<h3>Wenn die Bl\u00e4tter fallen<\/h3>\n<p>&nbsp;<\/p>\n<p>Johannes Brahms (1833-1897) - F\u00fcnf Ges\u00e4nge f\u00fcr gemischten Chor, op. 104<br \/>\n- Nachtwache I<br \/>\n- Nachtwache II<br \/>\n- Letztes Gl\u00fcck<br \/>\n- Verlorene Jugend<br \/>\n- Im Herbst<\/p>\n<p>Rezitation: Herbstgef\u00fchl (Adolf Friedrich Graf von Schack)<\/p>\n<p>Eric Whitacre (*1970) - Alleluia (Adaption des Bl\u00e4serst\u00fccks \u201eOctober\u201c)<\/p>\n<p>Rezitation: Die Flamme (Christian Morgenstern)<\/p>\n<p>Hugo Distler (1908-1942) - Der Feuerreiter<br \/>\n(aus dem M\u00f6rike-Chorliederbuch op. 19)<\/p>\n<p>Rezitation: Vereinsamt (Friedrich Nietzsche)<\/p>\n<p>Johannes Brahms - Drei Motetten, op. 110<br \/>\n- Ich aber bin elend<br \/>\n- Ach, arme Welt, du tr\u00fcgest mich<br \/>\n- Wenn wir in h\u00f6chsten N\u00f6ten sein<\/p>\n<p>Rezitation: Wer sich der Einsamkeit ergibt (Bettina von Arnim)<\/p>\n<p>Gustav Mahler (1860-1911) - Ich bin der Welt abhanden gekommen<br \/>\n(f\u00fcr 16 Stimmen bearbeitet von Clytus Gottwald)<\/p>\n<p>Rezitation: Herbstgedicht (Rainer Maria Rilke)<\/p>\n<p>Johann Sebastian Bach (1685-1750) - F\u00fcrchte dich nicht, ich bin bei dir<br \/>\n(Motette BWV 228)<\/p>\n<p>Rezitation: Detlef Kjer-du Vinage<\/p>\n<\/div>\n<\/div><\/div><\/div><div id=\"pgc-149-1-1\"  class=\"panel-grid-cell\" ><div id=\"panel-149-1-1-0\" class=\"so-panel widget widget_nav_menu panel-first-child panel-last-child\" data-index=\"1\" ><ul id=\"menu-konzertprogramme\" class=\"menu\"><li class=\"menu-item menu-item-type-post_type menu-item-object-page menu-item-778\"><a href=\"http:\/\/phemios.de\/?page_id=766\">In Gottes Hand<\/a><\/li>\n<li class=\"menu-item menu-item-type-post_type menu-item-object-page menu-item-726\"><a href=\"http:\/\/phemios.de\/?page_id=693\">Phem10s<\/a><\/li>\n<li class=\"menu-item menu-item-type-post_type menu-item-object-page menu-item-650\"><a href=\"http:\/\/phemios.de\/?page_id=646\">Shakespeare Songs<\/a><\/li>\n<li class=\"menu-item menu-item-type-post_type menu-item-object-page menu-item-561\"><a href=\"http:\/\/phemios.de\/?page_id=558\">DCW 2018<\/a><\/li>\n<li class=\"menu-item menu-item-type-post_type menu-item-object-page menu-item-357\"><a href=\"http:\/\/phemios.de\/?page_id=354\">Hear My Prayer<\/a><\/li>\n<li class=\"menu-item menu-item-type-post_type menu-item-object-page menu-item-172\"><a href=\"http:\/\/phemios.de\/?page_id=143\">Mythos<\/a><\/li>\n<li class=\"menu-item menu-item-type-post_type menu-item-object-page menu-item-386\"><a href=\"http:\/\/phemios.de\/?page_id=383\">Leonard Bernstein MASS<\/a><\/li>\n<li class=\"menu-item menu-item-type-post_type menu-item-object-page menu-item-171\"><a href=\"http:\/\/phemios.de\/?page_id=149\">Wenn die Bl\u00e4tter fallen<\/a><\/li>\n<li class=\"menu-item menu-item-type-post_type menu-item-object-page menu-item-306\"><a href=\"http:\/\/phemios.de\/?page_id=298\">Bach &#038; Sandstr\u00f6m<\/a><\/li>\n<li class=\"menu-item menu-item-type-post_type menu-item-object-page menu-item-318\"><a href=\"http:\/\/phemios.de\/?page_id=315\">Flower Songs<\/a><\/li>\n<\/ul><\/div><\/div><\/div><\/div>","protected":false},"excerpt":{"rendered":"<p>Wenn die Bl\u00e4tter fallen &nbsp; Johannes Brahms (1833-1897) &#8211; F\u00fcnf Ges\u00e4nge f\u00fcr gemischten Chor, op. 104 &#8211; Nachtwache I &#8211; Nachtwache II &#8211; Letztes Gl\u00fcck &#8211; Verlorene Jugend &#8211; Im Herbst Rezitation: Herbstgef\u00fchl (Adolf Friedrich Graf von Schack) Eric Whitacre &hellip; <a class=\"kt-excerpt-readmore more-link\" href=\"http:\/\/phemios.de\/?page_id=149\">Read More<\/a><\/p>\n","protected":false},"author":1,"featured_media":0,"parent":0,"menu_order":0,"comment_status":"closed","ping_status":"closed","template":"","meta":{"footnotes":""},"class_list":["post-149","page","type-page","status-publish","hentry"],"_links":{"self":[{"href":"http:\/\/phemios.de\/index.php?rest_route=\/wp\/v2\/pages\/149","targetHints":{"allow":["GET"]}}],"collection":[{"href":"http:\/\/phemios.de\/index.php?rest_route=\/wp\/v2\/pages"}],"about":[{"href":"http:\/\/phemios.de\/index.php?rest_route=\/wp\/v2\/types\/page"}],"author":[{"embeddable":true,"href":"http:\/\/phemios.de\/index.php?rest_route=\/wp\/v2\/users\/1"}],"replies":[{"embeddable":true,"href":"http:\/\/phemios.de\/index.php?rest_route=%2Fwp%2Fv2%2Fcomments&post=149"}],"version-history":[{"count":25,"href":"http:\/\/phemios.de\/index.php?rest_route=\/wp\/v2\/pages\/149\/revisions"}],"predecessor-version":[{"id":490,"href":"http:\/\/phemios.de\/index.php?rest_route=\/wp\/v2\/pages\/149\/revisions\/490"}],"wp:attachment":[{"href":"http:\/\/phemios.de\/index.php?rest_route=%2Fwp%2Fv2%2Fmedia&parent=149"}],"curies":[{"name":"wp","href":"https:\/\/api.w.org\/{rel}","templated":true}]}}